{"id":68,"date":"2019-08-31T11:16:29","date_gmt":"2019-08-31T11:16:29","guid":{"rendered":"http:\/\/pami.com.vn\/?page_id=68"},"modified":"2020-11-08T16:33:14","modified_gmt":"2020-11-08T09:33:14","slug":"lien-he","status":"publish","type":"page","link":"https:\/\/pami.com.vn\/?page_id=68","title":{"rendered":"Li\u00ean h\u1ec7"},"content":{"rendered":"\n<p><strong>Y\u00eau c\u1ea7u t\u01b0 v\u1ea5n v\u00e0 b\u00e1o gi\u00e1 d\u1ecbch v\u1ee5:<\/strong><\/p>\n\n\n\n<p>\u0110i\u1ec7n tho\u1ea1i: 08.69.20.10.19<\/p>\n\n\n\n<p>Email: <a href=\"mailto:sales@pami.com.vn\">sales@pami.com.vn<\/a><\/p>\n","protected":false},"excerpt":{"rendered":"<p>Y\u00eau c\u1ea7u t\u01b0 v\u1ea5n v\u00e0 b\u00e1o gi\u00e1 d\u1ecbch v\u1ee5: \u0110i\u1ec7n tho\u1ea1i: 08.69.20.10.19 Email: sales@pami.com.vn<\/p>\n","protected":false},"author":1,"featured_media":0,"parent":0,"menu_order":0,"comment_status":"closed","ping_status":"closed","template":"","meta":{"footnotes":""},"class_list":["post-68","page","type-page","status-publish","hentry"],"jetpack_sharing_enabled":true,"_links":{"self":[{"href":"https:\/\/pami.com.vn\/index.php?rest_route=\/wp\/v2\/pages\/68","targetHints":{"allow":["GET"]}}],"collection":[{"href":"https:\/\/pami.com.vn\/index.php?rest_route=\/wp\/v2\/pages"}],"about":[{"href":"https:\/\/pami.com.vn\/index.php?rest_route=\/wp\/v2\/types\/page"}],"author":[{"embeddable":true,"href":"https:\/\/pami.com.vn\/index.php?rest_route=\/wp\/v2\/users\/1"}],"replies":[{"embeddable":true,"href":"https:\/\/pami.com.vn\/index.php?rest_route=%2Fwp%2Fv2%2Fcomments&post=68"}],"version-history":[{"count":10,"href":"https:\/\/pami.com.vn\/index.php?rest_route=\/wp\/v2\/pages\/68\/revisions"}],"predecessor-version":[{"id":245,"href":"https:\/\/pami.com.vn\/index.php?rest_route=\/wp\/v2\/pages\/68\/revisions\/245"}],"wp:attachment":[{"href":"https:\/\/pami.com.vn\/index.php?rest_route=%2Fwp%2Fv2%2Fmedia&parent=68"}],"curies":[{"name":"wp","href":"https:\/\/api.w.org\/{rel}","templated":true}]}}