{"id":2,"date":"2019-08-31T09:16:10","date_gmt":"2019-08-31T09:16:10","guid":{"rendered":"http:\/\/pami.com.vn\/?page_id=2"},"modified":"2020-01-09T10:51:56","modified_gmt":"2020-01-09T03:51:56","slug":"dich-vu-ky-thuat","status":"publish","type":"page","link":"https:\/\/pami.com.vn\/?page_id=2","title":{"rendered":"D\u1ecbch v\u1ee5 k\u1ef9 thu\u1eadt"},"content":{"rendered":"\n<ul class=\"wp-block-list\"><li>T\u01b0 v\u1ea5n v\u00e0 cung c\u1ea5p thi\u1ebft b\u1ecb<\/li><li>Thi c\u00f4ng l\u1eafp \u0111\u1eb7t h\u1ec7 th\u1ed1ng \u0111i\u1ec1u h\u00f2a, th\u00f4ng gi\u00f3<\/li><li>Ki\u1ec3m tra chu\u1ea9n \u0111o\u00e1n ti\u1ec1n s\u1ef1 c\u1ed1 h\u1ec7 th\u1ed1ng \u0111i\u1ec7n<\/li><li>Th\u1eed nghi\u1ec7m thi\u1ebft b\u1ecb \u0111i\u1ec7n<\/li><\/ul>\n","protected":false},"excerpt":{"rendered":"<p>T\u01b0 v\u1ea5n v\u00e0 cung c\u1ea5p thi\u1ebft b\u1ecb Thi c\u00f4ng l\u1eafp \u0111\u1eb7t h\u1ec7 th\u1ed1ng \u0111i\u1ec1u h\u00f2a, th\u00f4ng gi\u00f3 Ki\u1ec3m tra chu\u1ea9n \u0111o\u00e1n ti\u1ec1n s\u1ef1 c\u1ed1 h\u1ec7 th\u1ed1ng \u0111i\u1ec7n Th\u1eed nghi\u1ec7m thi\u1ebft b\u1ecb \u0111i\u1ec7n<\/p>\n","protected":false},"author":1,"featured_media":0,"parent":0,"menu_order":0,"comment_status":"closed","ping_status":"open","template":"","meta":{"footnotes":""},"class_list":["post-2","page","type-page","status-publish","hentry"],"jetpack_sharing_enabled":true,"_links":{"self":[{"href":"https:\/\/pami.com.vn\/index.php?rest_route=\/wp\/v2\/pages\/2","targetHints":{"allow":["GET"]}}],"collection":[{"href":"https:\/\/pami.com.vn\/index.php?rest_route=\/wp\/v2\/pages"}],"about":[{"href":"https:\/\/pami.com.vn\/index.php?rest_route=\/wp\/v2\/types\/page"}],"author":[{"embeddable":true,"href":"https:\/\/pami.com.vn\/index.php?rest_route=\/wp\/v2\/users\/1"}],"replies":[{"embeddable":true,"href":"https:\/\/pami.com.vn\/index.php?rest_route=%2Fwp%2Fv2%2Fcomments&post=2"}],"version-history":[{"count":9,"href":"https:\/\/pami.com.vn\/index.php?rest_route=\/wp\/v2\/pages\/2\/revisions"}],"predecessor-version":[{"id":178,"href":"https:\/\/pami.com.vn\/index.php?rest_route=\/wp\/v2\/pages\/2\/revisions\/178"}],"wp:attachment":[{"href":"https:\/\/pami.com.vn\/index.php?rest_route=%2Fwp%2Fv2%2Fmedia&parent=2"}],"curies":[{"name":"wp","href":"https:\/\/api.w.org\/{rel}","templated":true}]}}